{"id":11998,"date":"2025-05-04T09:35:40","date_gmt":"2023-08-17T14:35:40","guid":{"rendered":"https:\/\/shop-eur.mitipi.com\/shop\/kevin-3-subscription\/"},"modified":"2024-07-15T14:19:38","modified_gmt":"2024-07-15T14:19:38","slug":"sicherheit-mit-wohnungsabo","status":"publish","type":"product","link":"https:\/\/shop-eur.mitipi.com\/de\/product\/sicherheit-mit-wohnungsabo\/","title":{"rendered":"KEVIN<sup>\u00ae<\/sup>.3 Wohnungs-Sicherheitsabo"},"content":{"rendered":"<ul>\n<li><strong>Ein KEVIN\u00ae.3 ist kostenlos in Ihrem Abonnement enthalten.<\/strong> Halten Sie Einbrecher fern, indem Sie Ihre Anwesenheit simulieren, auch wenn Sie nicht zu Hause sind.<\/li>\n<li>Erhalten Sie immer die aktuellsten Updates und neue Funktionen auf der Mitipi-Kevin Sicherheits-App.<\/li>\n<li>Profitieren Sie von Ihrem pers\u00f6nlichen Service-Ansprechpartner bei Mitipi f\u00fcr Ihre Bed\u00fcrfnisse.<\/li>\n<li><strong>Jetzt nur noch 19,99 EUR \/ Monat<\/strong> bei einer 24-Monats-Bindung (statt 29,99 EUR \/ Monat), zzgl. MwSt.<\/li>\n<li><strong>Lebenslange Garantie.<\/strong><\/li>\n<li>Sie haben das Recht, das Abonnement jederzeit zu k\u00fcndigen:<br \/>\nGeb\u00fchren f\u00fcr vorzeitige Beendigung pro Jahr: Jahr 1: EUR 350. Jahr 2: 175 EUR (exkl. MwSt.).<\/li>\n<\/ul>\n<p>&nbsp;<\/p>\n<div style=\"width: 640px;\" class=\"wp-video\"><!--[if lt IE 9]><script>document.createElement('video');<\/script><![endif]-->\n<video class=\"wp-video-shortcode\" id=\"video-11998-1\" width=\"640\" height=\"360\" preload=\"metadata\" controls=\"controls\"><source type=\"video\/mp4\" src=\"https:\/\/shop.mitipi.com\/wp-content\/uploads\/2024\/01\/KEVIN-Swiss-The-worlds-easiest-and-most-effective-burglary-prevention-device1.mp4?_=1\" \/><a href=\"https:\/\/shop.mitipi.com\/wp-content\/uploads\/2024\/01\/KEVIN-Swiss-The-worlds-easiest-and-most-effective-burglary-prevention-device1.mp4\">https:\/\/shop.mitipi.com\/wp-content\/uploads\/2024\/01\/KEVIN-Swiss-The-worlds-easiest-and-most-effective-burglary-prevention-device1.mp4<\/a><\/video><\/div>\n<p>&nbsp;<\/p>\n<p>&nbsp;<\/p>\n<h4>Ihr Zuhause &#8211; nie allein. Entdecken Sie die dritte Generation von Mitbewohnern gegen Einbrecher, die die Anwesenheit von Menschen simulieren. Dank neuester Technologie und KI halten wir Ihre Privatsph\u00e4re und Sicherheit auf h\u00f6chstem Niveau.<\/h4>\n<p>&nbsp;<\/p>\n<h5><strong>Neu: Profitieren Sie von den neuen Personalisierungsfunktionen<\/strong><\/h5>\n<ul>\n<li>Mit KEVIN\u00ae.3 k\u00f6nnen Sie Ihre Farbe w\u00e4hlen und die Lautsprecherabdeckung im Handumdrehen \u00e4ndern<\/li>\n<li>Reichhaltige Farbpalette: Ozean-Blau, Wald-Braun, Vulkan-Rot, Schnee-Weiss<\/li>\n<li>Hochwertiges Design und Materialien<\/li>\n<li>Mehr Speicherplatz: Die zuf\u00e4llige Anwesenheitssimulation variiert und h\u00e4lt mehr als 4 Wochen an!<\/li>\n<\/ul>\n<hr \/>\n<h4><\/h4>\n<h5><strong> Neu: Profitieren Sie von 4x mehr Speicherplatz f\u00fcr Ihre personalisierten Simulationen<\/strong><\/h5>\n<ul>\n<li>Sie k\u00f6nnen jetzt ganze Filme oder lange Abende \u00fcber die Mitipi-KEVIN-App aufzeichnen und \u00fcber KEVIN\u00ae.3 wiedergeben (im Vergleich zu nur kurzen Sequenzen mit dem fr\u00fcheren Modell KEVIN\u00ae.2).<\/li>\n<li>Insgesamt sind mehr als 4 Wochen Simulationen ohne Wiederholungen m\u00f6glich (im Vergleich zu nur 1 Woche mit dem Vorg\u00e4ngermodell KEVIN\u00ae.2).<\/li>\n<\/ul>\n<hr \/>\n<h4><\/h4>\n<h5><strong> Verbessert: Ihr virtueller Mitbewohner gegen Einbrecher mit bewegten Schatten und mehr<\/strong><\/h5>\n<ul>\n<li>Simuliert Ihre Pr\u00e4senz, wenn Sie nicht zu Hause sind, und schreckt Einbrecher ab<\/li>\n<li>Realistische Lichteffekte und Ger\u00e4usche wie Alltagsger\u00e4usche, Gespr\u00e4che, Fernsehen oder Staubsaugen<\/li>\n<li>PATENTIERTE WELTNEUHEIT: Bewegte Personensilhouetten mit Schatteneffekten, die Ihre Pr\u00e4senz simulieren<\/li>\n<li>Personalisieren Sie Ihren KEVIN\u00ae mit der Mitipi-Kevin-App. Erstellen Sie Ihr Profil<\/li>\n<li>Nehmen Sie Ihre eigenen Ger\u00e4usche mit der Mitipi-Kevin-App auf und entscheiden Sie, wann KEVIN\u00ae sie simulieren soll<\/li>\n<li>Steuern Sie KEVIN\u00ae per Smartphone oder komplett offline direkt am Ger\u00e4t.<\/li>\n<\/ul>\n<hr \/>\n<h4><\/h4>\n<h5><strong> Verbessert: Ihr Lautsprecher und Ihre Lampe, wenn Sie zu Hause sind<\/strong><\/h5>\n<ul>\n<li>Verwenden Sie KEVIN\u00ae als Bluetooth-Lautsprecher und lassen Sie ihn Ihre Playlist oder Ihr Radio abspielen<\/li>\n<li>KEVIN\u00ae kann auch als Umgebungslicht verwendet werden<\/li>\n<li>Und es ist ein tolles DESIGN-St\u00fcck, das ein Blickfang f\u00fcr jeden ist, der Sie besucht.<\/li>\n<\/ul>\n<p>&nbsp;<\/p>\n<div style=\"width: 640px;\" class=\"wp-video\"><video class=\"wp-video-shortcode\" id=\"video-11998-2\" width=\"640\" height=\"360\" preload=\"metadata\" controls=\"controls\"><source type=\"video\/mp4\" src=\"https:\/\/shop-usa.mitipi.com\/wp-content\/uploads\/2023\/11\/KEVIN-360-LOOP-V2.mp4?_=2\" \/><a href=\"https:\/\/shop-usa.mitipi.com\/wp-content\/uploads\/2023\/11\/KEVIN-360-LOOP-V2.mp4\">https:\/\/shop-usa.mitipi.com\/wp-content\/uploads\/2023\/11\/KEVIN-360-LOOP-V2.mp4<\/a><\/video><\/div>\n<p>&nbsp;<\/p>\n<p>&nbsp;<\/p>\n<hr \/>\n<h4><\/h4>\n<h4><strong>Was beinhaltet die KEVIN\u00ae.3 Wohnungs-Sicherheits-Formel?<\/strong><\/h4>\n<ul>\n<li>1 Ger\u00e4t, in der Schweiz entwickelt<\/li>\n<li>70 Stunden voraufgezeichnete Simulation<\/li>\n<li>Frontabdeckung, die innerhalb einer Sekunde ausgetauscht werden kann (w\u00e4hlen Sie aus den separat angebotenen Frontabdeckungen)<\/li>\n<li>Bluetooth-Lautsprecher<\/li>\n<li>Lebenslange Produktgarantie (so lange das Abo l\u00e4uft, mind. 2 Jahre)<\/li>\n<li>Automatisches Geo-Fencing \u00fcber die Mitipi KEVIN\u00ae-App<\/li>\n<li>Planungstool f\u00fcr Urlaube, Ferienh\u00e4user, Lagerh\u00e4user, etc.<\/li>\n<li>Personalisierung der Simulation mit einem einfachen Tool- Hochladen Ihrer Kl\u00e4nge und Ger\u00e4usche<\/li>\n<li>Aufzeichnung Ihrer Kl\u00e4nge und Ger\u00e4usche und Planung von Lichteffekten, Raumeffekten, Zeiteffekten<\/li>\n<li>Zuk\u00fcnftige Software-Updates- Pers\u00f6nliche Unterst\u00fctzung- Online-Sicherheitsberatung mit Tipps<\/li>\n<li>Sofort pers\u00f6nliche Serviceunterst\u00fctzung \u00fcber get@mitipi.com oder support@mitipi.com.<\/li>\n<\/ul>\n<p>&nbsp;<\/p>\n<h4><strong>Technische Informationen<\/strong><\/h4>\n<ul>\n<li>Kann auch als Bluetooth-Lautsprecher und -Lampe verwendet werden<\/li>\n<li>Intelligente Energiesparfunktion dank Umgebungslichtsensor<\/li>\n<li>Schnittstellen: WLAN 2,4 GHz, Bluetooth (4.2 und BLE)<\/li>\n<\/ul>\n<p>&nbsp;<\/p>\n<p>&nbsp;<\/p>\n<p>&nbsp;<\/p>\n<p>&nbsp;<\/p>\n","protected":false},"excerpt":{"rendered":"<h4><strong>Was unser Wohnungs-Sicherheitsprogramm enth\u00e4lt:<\/strong><\/h4>\n<ul>\n<li>KEVIN\u00ae.3<\/li>\n<li>Regelm\u00e4ssige Updates und neue Funktionalit\u00e4ten auf der Mitipi-App<\/li>\n<li>Pers\u00f6nlicher Service \u00fcber get@mitipi.com oder support@mitipi.com<\/li>\n<li>Schweizer Technik und Know-how<\/li>\n<li>Lebenslange Produktegarantie (solange das Abo l\u00e4uft, mind. 2 Jahre).<\/li>\n<\/ul>\n<h4>Preise:<\/h4>\n<ul>\n<li>Monatliche Geb\u00fchr: <strong>19.99 EUR <\/strong>(exkl. Mwst.)<\/li>\n<li>Mindestlaufzeit: <strong>24 Monate<\/strong><\/li>\n<\/ul>\n","protected":false},"featured_media":13470,"template":"","meta":[],"product_brand":[],"product_cat":[59],"product_tag":[],"class_list":{"0":"post-11998","1":"product","2":"type-product","3":"status-publish","4":"has-post-thumbnail","6":"product_cat-kevin-de","8":"first","9":"instock","10":"sold-individually","11":"taxable","12":"shipping-taxable","13":"purchasable","14":"product-type-simple"},"yoast_head":"<!-- This site is optimized with the Yoast SEO plugin v26.8 - https:\/\/yoast.com\/product\/yoast-seo-wordpress\/ -->\n<title>Sicherheit abonnieren mit dem Wohnungsabo<\/title>\n<meta name=\"description\" content=\"Abonnieren Sie Sicherheit und sch\u00fctzen Sie Ihr Zuhause vor Einbrechern mit dem KEVIN.Wohnungs-Sicherheitsabo. Erhalten Sie die neuesten Updates und Funktionen im g\u00fcnstigen Abo ohne Anzahlungskosten.\" \/>\n<meta name=\"robots\" content=\"index, follow, max-snippet:-1, max-image-preview:large, max-video-preview:-1\" \/>\n<link rel=\"canonical\" href=\"https:\/\/shop-eur.mitipi.com\/de\/product\/sicherheit-mit-wohnungsabo\/\" \/>\n<meta property=\"og:locale\" content=\"de_DE\" \/>\n<meta property=\"og:type\" content=\"article\" \/>\n<meta property=\"og:title\" content=\"Sicherheit abonnieren mit dem Wohnungsabo\" \/>\n<meta property=\"og:description\" content=\"Abonnieren Sie Sicherheit und sch\u00fctzen Sie Ihr Zuhause vor Einbrechern mit dem KEVIN.Wohnungs-Sicherheitsabo. Erhalten Sie die neuesten Updates und Funktionen im g\u00fcnstigen Abo ohne Anzahlungskosten.\" \/>\n<meta property=\"og:url\" content=\"https:\/\/shop-eur.mitipi.com\/de\/product\/sicherheit-mit-wohnungsabo\/\" \/>\n<meta property=\"og:site_name\" content=\"Mitipi\" \/>\n<meta property=\"article:publisher\" content=\"https:\/\/www.facebook.com\/mitipi.living\/\" \/>\n<meta property=\"article:modified_time\" content=\"2024-07-15T14:19:38+00:00\" \/>\n<meta property=\"og:image\" content=\"https:\/\/shop-eur.mitipi.com\/wp-content\/uploads\/2023\/09\/Foto_Gabriele_Griessenboeck027-1-scaled-1.jpg\" \/>\n\t<meta property=\"og:image:width\" content=\"2560\" \/>\n\t<meta property=\"og:image:height\" content=\"1707\" \/>\n\t<meta property=\"og:image:type\" content=\"image\/jpeg\" \/>\n<meta name=\"twitter:card\" content=\"summary_large_image\" \/>\n<meta name=\"twitter:label1\" content=\"Gesch\u00e4tzte Lesezeit\" \/>\n\t<meta name=\"twitter:data1\" content=\"3\u00a0Minuten\" \/>\n<script type=\"application\/ld+json\" class=\"yoast-schema-graph\">{\"@context\":\"https:\/\/schema.org\",\"@graph\":[{\"@type\":\"WebPage\",\"@id\":\"https:\/\/shop-eur.mitipi.com\/de\/product\/sicherheit-mit-wohnungsabo\/\",\"url\":\"https:\/\/shop-eur.mitipi.com\/de\/product\/sicherheit-mit-wohnungsabo\/\",\"name\":\"Sicherheit abonnieren mit dem Wohnungsabo\",\"isPartOf\":{\"@id\":\"https:\/\/shop-eur.mitipi.com\/#website\"},\"primaryImageOfPage\":{\"@id\":\"https:\/\/shop-eur.mitipi.com\/de\/product\/sicherheit-mit-wohnungsabo\/#primaryimage\"},\"image\":{\"@id\":\"https:\/\/shop-eur.mitipi.com\/de\/product\/sicherheit-mit-wohnungsabo\/#primaryimage\"},\"thumbnailUrl\":\"https:\/\/shop-eur.mitipi.com\/wp-content\/uploads\/2025\/05\/RENT-APARTMENT.png\",\"datePublished\":\"2023-08-17T14:35:40+00:00\",\"dateModified\":\"2024-07-15T14:19:38+00:00\",\"description\":\"Abonnieren Sie Sicherheit und sch\u00fctzen Sie Ihr Zuhause vor Einbrechern mit dem KEVIN.Wohnungs-Sicherheitsabo. Erhalten Sie die neuesten Updates und Funktionen im g\u00fcnstigen Abo ohne Anzahlungskosten.\",\"breadcrumb\":{\"@id\":\"https:\/\/shop-eur.mitipi.com\/de\/product\/sicherheit-mit-wohnungsabo\/#breadcrumb\"},\"inLanguage\":\"de\",\"potentialAction\":[{\"@type\":\"ReadAction\",\"target\":[\"https:\/\/shop-eur.mitipi.com\/de\/product\/sicherheit-mit-wohnungsabo\/\"]}]},{\"@type\":\"ImageObject\",\"inLanguage\":\"de\",\"@id\":\"https:\/\/shop-eur.mitipi.com\/de\/product\/sicherheit-mit-wohnungsabo\/#primaryimage\",\"url\":\"https:\/\/shop-eur.mitipi.com\/wp-content\/uploads\/2025\/05\/RENT-APARTMENT.png\",\"contentUrl\":\"https:\/\/shop-eur.mitipi.com\/wp-content\/uploads\/2025\/05\/RENT-APARTMENT.png\",\"width\":450,\"height\":447,\"caption\":\"Home Security System for less than 1.- per day\"},{\"@type\":\"BreadcrumbList\",\"@id\":\"https:\/\/shop-eur.mitipi.com\/de\/product\/sicherheit-mit-wohnungsabo\/#breadcrumb\",\"itemListElement\":[{\"@type\":\"ListItem\",\"position\":1,\"name\":\"Home\",\"item\":\"https:\/\/shop-eur.mitipi.com\/de\/\"},{\"@type\":\"ListItem\",\"position\":2,\"name\":\"Shop\",\"item\":\"https:\/\/shop-eur.mitipi.com\/shop-2\/\"},{\"@type\":\"ListItem\",\"position\":3,\"name\":\"KEVIN\u00ae.3 Wohnungs-Sicherheitsabo\"}]},{\"@type\":\"WebSite\",\"@id\":\"https:\/\/shop-eur.mitipi.com\/#website\",\"url\":\"https:\/\/shop-eur.mitipi.com\/\",\"name\":\"Mitipi\",\"description\":\"Mitipi keeps you safe\",\"publisher\":{\"@id\":\"https:\/\/shop-eur.mitipi.com\/#organization\"},\"potentialAction\":[{\"@type\":\"SearchAction\",\"target\":{\"@type\":\"EntryPoint\",\"urlTemplate\":\"https:\/\/shop-eur.mitipi.com\/?s={search_term_string}\"},\"query-input\":{\"@type\":\"PropertyValueSpecification\",\"valueRequired\":true,\"valueName\":\"search_term_string\"}}],\"inLanguage\":\"de\"},{\"@type\":\"Organization\",\"@id\":\"https:\/\/shop-eur.mitipi.com\/#organization\",\"name\":\"Mitipi\",\"url\":\"https:\/\/shop-eur.mitipi.com\/\",\"logo\":{\"@type\":\"ImageObject\",\"inLanguage\":\"de\",\"@id\":\"https:\/\/shop-eur.mitipi.com\/#\/schema\/logo\/image\/\",\"url\":\"https:\/\/shop-eur.mitipi.com\/wp-content\/uploads\/2020\/03\/logo-blue-cut.png\",\"contentUrl\":\"https:\/\/shop-eur.mitipi.com\/wp-content\/uploads\/2020\/03\/logo-blue-cut.png\",\"width\":440,\"height\":121,\"caption\":\"Mitipi\"},\"image\":{\"@id\":\"https:\/\/shop-eur.mitipi.com\/#\/schema\/logo\/image\/\"},\"sameAs\":[\"https:\/\/www.facebook.com\/mitipi.living\/\",\"https:\/\/www.linkedin.com\/company\/mitipi\",\"https:\/\/www.youtube.com\/channel\/UCtspkxdCXhCaggGl3LmJv6w\/featured\"]}]}<\/script>\n<!-- \/ Yoast SEO plugin. -->","yoast_head_json":{"title":"Sicherheit abonnieren mit dem Wohnungsabo","description":"Abonnieren Sie Sicherheit und sch\u00fctzen Sie Ihr Zuhause vor Einbrechern mit dem KEVIN.Wohnungs-Sicherheitsabo. Erhalten Sie die neuesten Updates und Funktionen im g\u00fcnstigen Abo ohne Anzahlungskosten.","robots":{"index":"index","follow":"follow","max-snippet":"max-snippet:-1","max-image-preview":"max-image-preview:large","max-video-preview":"max-video-preview:-1"},"canonical":"https:\/\/shop-eur.mitipi.com\/de\/product\/sicherheit-mit-wohnungsabo\/","og_locale":"de_DE","og_type":"article","og_title":"Sicherheit abonnieren mit dem Wohnungsabo","og_description":"Abonnieren Sie Sicherheit und sch\u00fctzen Sie Ihr Zuhause vor Einbrechern mit dem KEVIN.Wohnungs-Sicherheitsabo. Erhalten Sie die neuesten Updates und Funktionen im g\u00fcnstigen Abo ohne Anzahlungskosten.","og_url":"https:\/\/shop-eur.mitipi.com\/de\/product\/sicherheit-mit-wohnungsabo\/","og_site_name":"Mitipi","article_publisher":"https:\/\/www.facebook.com\/mitipi.living\/","article_modified_time":"2024-07-15T14:19:38+00:00","og_image":[{"width":2560,"height":1707,"url":"https:\/\/shop-eur.mitipi.com\/wp-content\/uploads\/2023\/09\/Foto_Gabriele_Griessenboeck027-1-scaled-1.jpg","type":"image\/jpeg"}],"twitter_card":"summary_large_image","twitter_misc":{"Gesch\u00e4tzte Lesezeit":"3\u00a0Minuten"},"schema":{"@context":"https:\/\/schema.org","@graph":[{"@type":"WebPage","@id":"https:\/\/shop-eur.mitipi.com\/de\/product\/sicherheit-mit-wohnungsabo\/","url":"https:\/\/shop-eur.mitipi.com\/de\/product\/sicherheit-mit-wohnungsabo\/","name":"Sicherheit abonnieren mit dem Wohnungsabo","isPartOf":{"@id":"https:\/\/shop-eur.mitipi.com\/#website"},"primaryImageOfPage":{"@id":"https:\/\/shop-eur.mitipi.com\/de\/product\/sicherheit-mit-wohnungsabo\/#primaryimage"},"image":{"@id":"https:\/\/shop-eur.mitipi.com\/de\/product\/sicherheit-mit-wohnungsabo\/#primaryimage"},"thumbnailUrl":"https:\/\/shop-eur.mitipi.com\/wp-content\/uploads\/2025\/05\/RENT-APARTMENT.png","datePublished":"2023-08-17T14:35:40+00:00","dateModified":"2024-07-15T14:19:38+00:00","description":"Abonnieren Sie Sicherheit und sch\u00fctzen Sie Ihr Zuhause vor Einbrechern mit dem KEVIN.Wohnungs-Sicherheitsabo. Erhalten Sie die neuesten Updates und Funktionen im g\u00fcnstigen Abo ohne Anzahlungskosten.","breadcrumb":{"@id":"https:\/\/shop-eur.mitipi.com\/de\/product\/sicherheit-mit-wohnungsabo\/#breadcrumb"},"inLanguage":"de","potentialAction":[{"@type":"ReadAction","target":["https:\/\/shop-eur.mitipi.com\/de\/product\/sicherheit-mit-wohnungsabo\/"]}]},{"@type":"ImageObject","inLanguage":"de","@id":"https:\/\/shop-eur.mitipi.com\/de\/product\/sicherheit-mit-wohnungsabo\/#primaryimage","url":"https:\/\/shop-eur.mitipi.com\/wp-content\/uploads\/2025\/05\/RENT-APARTMENT.png","contentUrl":"https:\/\/shop-eur.mitipi.com\/wp-content\/uploads\/2025\/05\/RENT-APARTMENT.png","width":450,"height":447,"caption":"Home Security System for less than 1.- per day"},{"@type":"BreadcrumbList","@id":"https:\/\/shop-eur.mitipi.com\/de\/product\/sicherheit-mit-wohnungsabo\/#breadcrumb","itemListElement":[{"@type":"ListItem","position":1,"name":"Home","item":"https:\/\/shop-eur.mitipi.com\/de\/"},{"@type":"ListItem","position":2,"name":"Shop","item":"https:\/\/shop-eur.mitipi.com\/shop-2\/"},{"@type":"ListItem","position":3,"name":"KEVIN\u00ae.3 Wohnungs-Sicherheitsabo"}]},{"@type":"WebSite","@id":"https:\/\/shop-eur.mitipi.com\/#website","url":"https:\/\/shop-eur.mitipi.com\/","name":"Mitipi","description":"Mitipi keeps you safe","publisher":{"@id":"https:\/\/shop-eur.mitipi.com\/#organization"},"potentialAction":[{"@type":"SearchAction","target":{"@type":"EntryPoint","urlTemplate":"https:\/\/shop-eur.mitipi.com\/?s={search_term_string}"},"query-input":{"@type":"PropertyValueSpecification","valueRequired":true,"valueName":"search_term_string"}}],"inLanguage":"de"},{"@type":"Organization","@id":"https:\/\/shop-eur.mitipi.com\/#organization","name":"Mitipi","url":"https:\/\/shop-eur.mitipi.com\/","logo":{"@type":"ImageObject","inLanguage":"de","@id":"https:\/\/shop-eur.mitipi.com\/#\/schema\/logo\/image\/","url":"https:\/\/shop-eur.mitipi.com\/wp-content\/uploads\/2020\/03\/logo-blue-cut.png","contentUrl":"https:\/\/shop-eur.mitipi.com\/wp-content\/uploads\/2020\/03\/logo-blue-cut.png","width":440,"height":121,"caption":"Mitipi"},"image":{"@id":"https:\/\/shop-eur.mitipi.com\/#\/schema\/logo\/image\/"},"sameAs":["https:\/\/www.facebook.com\/mitipi.living\/","https:\/\/www.linkedin.com\/company\/mitipi","https:\/\/www.youtube.com\/channel\/UCtspkxdCXhCaggGl3LmJv6w\/featured"]}]}},"_links":{"self":[{"href":"https:\/\/shop-eur.mitipi.com\/de\/wp-json\/wp\/v2\/product\/11998","targetHints":{"allow":["GET"]}}],"collection":[{"href":"https:\/\/shop-eur.mitipi.com\/de\/wp-json\/wp\/v2\/product"}],"about":[{"href":"https:\/\/shop-eur.mitipi.com\/de\/wp-json\/wp\/v2\/types\/product"}],"wp:featuredmedia":[{"embeddable":true,"href":"https:\/\/shop-eur.mitipi.com\/de\/wp-json\/wp\/v2\/media\/13470"}],"wp:attachment":[{"href":"https:\/\/shop-eur.mitipi.com\/de\/wp-json\/wp\/v2\/media?parent=11998"}],"wp:term":[{"taxonomy":"product_brand","embeddable":true,"href":"https:\/\/shop-eur.mitipi.com\/de\/wp-json\/wp\/v2\/product_brand?post=11998"},{"taxonomy":"product_cat","embeddable":true,"href":"https:\/\/shop-eur.mitipi.com\/de\/wp-json\/wp\/v2\/product_cat?post=11998"},{"taxonomy":"product_tag","embeddable":true,"href":"https:\/\/shop-eur.mitipi.com\/de\/wp-json\/wp\/v2\/product_tag?post=11998"}],"curies":[{"name":"wp","href":"https:\/\/api.w.org\/{rel}","templated":true}]}}