{"id":10901,"date":"2025-05-03T08:22:56","date_gmt":"2024-11-13T08:22:56","guid":{"rendered":"https:\/\/1u49tbaodf.preview.infomaniak.website\/?post_type=product&#038;p=10901"},"modified":"2025-05-11T00:10:20","modified_gmt":"2025-05-11T00:10:20","slug":"kevin-3-einbruchschutz-sorglospaket","status":"publish","type":"product","link":"https:\/\/shop-eur.mitipi.com\/de\/product\/kevin-3-einbruchschutz-sorglospaket\/","title":{"rendered":"KEVIN\u00ae.3 &#8211; Sorglos-Sicherheitspaket"},"content":{"rendered":"<p><strong>KEVIN\u00ae<\/strong> schreckt Einbrecher ab, indem er Ihre Anwesenheit simuliert, auch wenn Sie nicht zu Hause sind.<br \/>\nSie k\u00f6nnen zum Beispiel einen <strong>KEVIN\u00ae<\/strong> im Wohnzimmer platzieren. Damit k\u00f6nnen Sie ihn auch als Radio nutzen, wenn Sie zu Hause sind.<\/p>\n<p><strong>Bezahlen Sie einmal,<\/strong> und Sie erhalten regelm\u00e4ssig die <b>neuesten Updates und neue Funktionalit\u00e4ten<\/b>\u00a0der Mitipi-Kevin Sicherheits-App.<br \/>\nProfitieren Sie von Ihrem pers\u00f6nlichen Service-Ansprechpartner bei Mitipi.<\/p>\n<p>Einmaliger Preis.<br \/>\nGarantie:\u00a0 <b>3 Jahre.\u00a0<\/b><\/p>\n<div style=\"width: 640px;\" class=\"wp-video\"><!--[if lt IE 9]><script>document.createElement('video');<\/script><![endif]-->\n<video class=\"wp-video-shortcode\" id=\"video-10901-1\" width=\"640\" height=\"360\" preload=\"metadata\" controls=\"controls\"><source type=\"video\/mp4\" src=\"https:\/\/shop.mitipi.com\/wp-content\/uploads\/2024\/01\/KEVIN-Swiss-The-worlds-easiest-and-most-effective-burglary-prevention-device1.mp4?_=1\" \/><a href=\"https:\/\/shop.mitipi.com\/wp-content\/uploads\/2024\/01\/KEVIN-Swiss-The-worlds-easiest-and-most-effective-burglary-prevention-device1.mp4\">https:\/\/shop.mitipi.com\/wp-content\/uploads\/2024\/01\/KEVIN-Swiss-The-worlds-easiest-and-most-effective-burglary-prevention-device1.mp4<\/a><\/video><\/div>\n<p>&nbsp;<\/p>\n<p>&nbsp;<\/p>\n<h4>Details<\/h4>\n<p>&nbsp;<\/p>\n<h5><strong>Neu: Profitieren Sie von den neuen Personalisierungsfunktionen<\/strong><\/h5>\n<p>&#8211; Mit KEVIN\u00ae.3 k\u00f6nnen Sie Ihre Farbe w\u00e4hlen und die Lautsprecherabdeckung im Handumdrehen \u00e4ndern<\/p>\n<p>&#8211; Reichhaltige Farbpalette: Ozean-Blau, Wald-Braun, Vulkan-Rot, Schnee-Weiss<\/p>\n<p>&#8211; Hochwertiges Design und Materialien<\/p>\n<p>&#8211; Mehr Speicherplatz: Die zuf\u00e4llige Anwesenheitssimulation variiert und h\u00e4lt mehr als 4 Wochen an!<\/p>\n<p>&nbsp;<\/p>\n<h5><strong> Neu: Profitieren Sie von 4x mehr Speicherplatz f\u00fcr Ihre personalisierten Simulationen<\/strong><\/h5>\n<p>&#8211; Sie k\u00f6nnen jetzt ganze Filme oder lange Abende \u00fcber die Mitipi-KEVIN-App aufzeichnen und \u00fcber KEVIN\u00ae.3 wiedergeben (im Vergleich zu nur kurzen Sequenzen mit dem fr\u00fcheren Modell KEVIN\u00ae.2).<\/p>\n<p>&#8211; Insgesamt sind mehr als 4 Wochen Simulationen ohne Wiederholungen m\u00f6glich (im Vergleich zu nur 1 Woche mit dem Vorg\u00e4ngermodell KEVIN\u00ae.2).<\/p>\n<p>&nbsp;<\/p>\n<h5><strong> Verbessert: Ihr virtueller Mitbewohner gegen Einbrecher mit bewegten Schatten und mehr<\/strong><\/h5>\n<p>&#8211; Simuliert Ihre Pr\u00e4senz, wenn Sie nicht zu Hause sind, und schreckt Einbrecher ab<\/p>\n<p>&#8211; Realistische Lichteffekte und Ger\u00e4usche wie Alltagsger\u00e4usche, Gespr\u00e4che, Fernsehen oder Staubsaugen<\/p>\n<p>&#8211; PATENTIERTE WELTNEUHEIT: Bewegte Personensilhouetten mit Schatteneffekten, die Ihre Pr\u00e4senz simulieren<\/p>\n<p>&#8211; Personalisieren Sie Ihren KEVIN\u00ae mit der Mitipi-Kevin-App. Erstellen Sie Ihr Profil<\/p>\n<p>&#8211; Nehmen Sie Ihre eigenen Ger\u00e4usche mit der Mitipi-Kevin-App auf und entscheiden Sie, wann KEVIN\u00ae sie simulieren soll<\/p>\n<p>&#8211; Steuern Sie KEVIN\u00ae per Smartphone oder komplett offline direkt am Ger\u00e4t.<\/p>\n<p>&nbsp;<\/p>\n<h5><strong> Verbessert: Ihr Lautsprecher und Ihre Lampe, wenn Sie zu Hause sind<\/strong><\/h5>\n<p>&#8211; Verwenden Sie KEVIN\u00ae als Bluetooth-Lautsprecher und lassen Sie ihn Ihre Playlist oder Ihr Radio abspielen<\/p>\n<p>&#8211; KEVIN\u00ae kann auch als Umgebungslicht verwendet werden<\/p>\n<p>&#8211; Und es ist ein tolles DESIGN-St\u00fcck, das ein Blickfang f\u00fcr jeden ist, der Sie besucht.<\/p>\n<p>&nbsp;<\/p>\n<div style=\"width: 640px;\" class=\"wp-video\"><video class=\"wp-video-shortcode\" id=\"video-10901-2\" width=\"640\" height=\"360\" preload=\"metadata\" controls=\"controls\"><source type=\"video\/mp4\" src=\"https:\/\/shop-usa.mitipi.com\/wp-content\/uploads\/2023\/11\/KEVIN-360-LOOP-V2.mp4?_=2\" \/><a href=\"https:\/\/shop-usa.mitipi.com\/wp-content\/uploads\/2023\/11\/KEVIN-360-LOOP-V2.mp4\">https:\/\/shop-usa.mitipi.com\/wp-content\/uploads\/2023\/11\/KEVIN-360-LOOP-V2.mp4<\/a><\/video><\/div>\n<p>&nbsp;<\/p>\n<p>&nbsp;<\/p>\n<h4><strong>Was beinhaltet die KEVIN\u00ae.3 Wohnungs-Sicherheits-Formel?<\/strong><\/h4>\n<p>&#8211; 1 Ger\u00e4t, in der Schweiz entwickelt<\/p>\n<p>&#8211; 70 Stunden voraufgezeichnete Simulation<\/p>\n<p>&#8211; Frontabdeckung, die innerhalb einer Sekunde ausgetauscht werden kann (w\u00e4hlen Sie aus den separat angebotenen Frontabdeckungen)<\/p>\n<p>&#8211; Bluetooth-Lautsprecher<\/p>\n<p>&#8211; Produktgarantie 3 Jahre<\/p>\n<p>&#8211; Automatisches Geo-Fencing \u00fcber die Mitipi KEVIN\u00ae-App<\/p>\n<p>&#8211; Planungstool f\u00fcr Urlaube, Ferienh\u00e4user, Lagerh\u00e4user, etc.<\/p>\n<p>&#8211; Personalisierung der Simulation mit einem einfachen Tool- Hochladen Ihrer Kl\u00e4nge und Ger\u00e4usche<\/p>\n<p>&#8211; Aufzeichnung Ihrer Kl\u00e4nge und Ger\u00e4usche und Planung von Lichteffekten, Raumeffekten, Zeiteffekten<\/p>\n<p>&#8211; Zuk\u00fcnftige Software-Updates- Pers\u00f6nliche Unterst\u00fctzung- Online-Sicherheitsberatung mit Tipps<\/p>\n<p>&#8211; Sofort pers\u00f6nliche Serviceunterst\u00fctzung \u00fcber get@mitipi.com oder support@mitipi.com.<\/p>\n<p>&nbsp;<\/p>\n<h4><strong>Technische Informationen<\/strong><\/h4>\n<p>&nbsp;<\/p>\n<p>&#8211; Kann auch als Bluetooth-Lautsprecher und -Lampe verwendet werden<\/p>\n<p>&#8211; Intelligente Energiesparfunktion dank Umgebungslichtsensor<\/p>\n<p>&#8211; Schnittstellen: WLAN 2,4 GHz, Bluetooth (4.2 und BLE)<\/p>\n<p>&nbsp;<\/p>\n<div style=\"width: 640px;\" class=\"wp-video\"><video class=\"wp-video-shortcode\" id=\"video-10901-3\" width=\"640\" height=\"360\" preload=\"metadata\" controls=\"controls\"><source type=\"video\/mp4\" src=\"https:\/\/shop-usa.mitipi.com\/wp-content\/uploads\/2024\/01\/KEVIN-Swiss-The-worlds-easiest-and-most-effective-burglary-prevention-device1.mp4?_=3\" \/><a href=\"https:\/\/shop-usa.mitipi.com\/wp-content\/uploads\/2024\/01\/KEVIN-Swiss-The-worlds-easiest-and-most-effective-burglary-prevention-device1.mp4\">https:\/\/shop-usa.mitipi.com\/wp-content\/uploads\/2024\/01\/KEVIN-Swiss-The-worlds-easiest-and-most-effective-burglary-prevention-device1.mp4<\/a><\/video><\/div>\n<p>&nbsp;<\/p>\n<p>&nbsp;<\/p>\n<p>&nbsp;<\/p>\n","protected":false},"excerpt":{"rendered":"<ul>\n<li>\n<div><span class=\"gmail_default\">Peace-of-mind Formel. Einmal zahlen und Updates erhalten<br \/>\n<\/span><\/div>\n<\/li>\n<li>\n<div>\n<p><span class=\"gmail_default\">Sehr realistische Simulation von Menschen, um Einbrecher abzuschrecken: Licht, bewegte Schatten, TV und Alltagsger\u00e4usche.<\/span><\/p>\n<\/div>\n<\/li>\n<li>\n<div>\n<p><span class=\"gmail_default\">70 Stunden voraufgezeichnete Szenarien<\/span><\/p>\n<\/div>\n<\/li>\n<li>\n<div>\n<p><span class=\"gmail_default\">Option zum Hochladen eigener Sounds. KEVIN\u00ae.3 erstellt automatisch neue Szenarien mit Licht- und Schatteneffekten.<\/span><\/p>\n<\/div>\n<\/li>\n<li>\n<div>\n<p><span class=\"gmail_default\">Passen Sie die Frontabdeckung an Ihre M\u00f6bel an: Lieferung mit grauer Frontabdeckung. Kaufen Sie weitere Farben im Shop.<\/span><\/p>\n<\/div>\n<\/li>\n<li>\n<div>\n<p><span class=\"gmail_default\">Optimierter Stromverbrauch: Verbraucht nur 9W.<\/span><\/p>\n<\/div>\n<\/li>\n<li>\n<div>\n<p><span class=\"gmail_default\">Mitipi Kevin App mit allen Funktionalit\u00e4ten inklusive.<\/span><\/p>\n<\/div>\n<\/li>\n<li>\n<div>\n<p><span class=\"gmail_default\">Kann als Radio und Musikplayer verwendet werden (Bluetooth 4.2 und BLE).<\/span><\/p>\n<\/div>\n<\/li>\n<li>\n<div>\n<p><span class=\"gmail_default\">Schnittstelle: WLAN 2.4 GHz.<\/span><\/p>\n<\/div>\n<\/li>\n<\/ul>\n","protected":false},"featured_media":13455,"template":"","meta":[],"product_brand":[],"product_cat":[59],"product_tag":[],"class_list":{"0":"post-10901","1":"product","2":"type-product","3":"status-publish","4":"has-post-thumbnail","6":"product_cat-kevin-de","8":"first","9":"instock","10":"taxable","11":"shipping-taxable","12":"purchasable","13":"product-type-simple"},"yoast_head":"<!-- This site is optimized with the Yoast SEO plugin v26.8 - https:\/\/yoast.com\/product\/yoast-seo-wordpress\/ -->\n<title>Sorglos-Sicherheitspaket - Der beste Einbruchschutz von Mitipi<\/title>\n<meta name=\"description\" content=\"Einbruchschutz mit dem Sorglospaket von Mitipi. Einmalige Investition - lange vom effektivsten Einbruchschutz profitieren, dank Simulation Ihrer Pr\u00e4senz.\" \/>\n<meta name=\"robots\" content=\"index, follow, max-snippet:-1, max-image-preview:large, max-video-preview:-1\" \/>\n<link rel=\"canonical\" href=\"https:\/\/shop-eur.mitipi.com\/de\/product\/kevin-3-einbruchschutz-sorglospaket\/\" \/>\n<meta property=\"og:locale\" content=\"de_DE\" \/>\n<meta property=\"og:type\" content=\"article\" \/>\n<meta property=\"og:title\" content=\"Sorglos-Sicherheitspaket - Der beste Einbruchschutz von Mitipi\" \/>\n<meta property=\"og:description\" content=\"Einbruchschutz mit dem Sorglospaket von Mitipi. Einmalige Investition - lange vom effektivsten Einbruchschutz profitieren, dank Simulation Ihrer Pr\u00e4senz.\" \/>\n<meta property=\"og:url\" content=\"https:\/\/shop-eur.mitipi.com\/de\/product\/kevin-3-einbruchschutz-sorglospaket\/\" \/>\n<meta property=\"og:site_name\" content=\"Mitipi\" \/>\n<meta property=\"article:publisher\" content=\"https:\/\/www.facebook.com\/mitipi.living\/\" \/>\n<meta property=\"article:modified_time\" content=\"2025-05-11T00:10:20+00:00\" \/>\n<meta property=\"og:image\" content=\"https:\/\/shop-eur.mitipi.com\/wp-content\/uploads\/2023\/08\/Bild3.png\" \/>\n\t<meta property=\"og:image:width\" content=\"1264\" \/>\n\t<meta property=\"og:image:height\" content=\"722\" \/>\n\t<meta property=\"og:image:type\" content=\"image\/png\" \/>\n<meta name=\"twitter:card\" content=\"summary_large_image\" \/>\n<meta name=\"twitter:label1\" content=\"Gesch\u00e4tzte Lesezeit\" \/>\n\t<meta name=\"twitter:data1\" content=\"3\u00a0Minuten\" \/>\n<script type=\"application\/ld+json\" class=\"yoast-schema-graph\">{\"@context\":\"https:\/\/schema.org\",\"@graph\":[{\"@type\":\"WebPage\",\"@id\":\"https:\/\/shop-eur.mitipi.com\/de\/product\/kevin-3-einbruchschutz-sorglospaket\/\",\"url\":\"https:\/\/shop-eur.mitipi.com\/de\/product\/kevin-3-einbruchschutz-sorglospaket\/\",\"name\":\"Sorglos-Sicherheitspaket - Der beste Einbruchschutz von Mitipi\",\"isPartOf\":{\"@id\":\"https:\/\/shop-eur.mitipi.com\/#website\"},\"primaryImageOfPage\":{\"@id\":\"https:\/\/shop-eur.mitipi.com\/de\/product\/kevin-3-einbruchschutz-sorglospaket\/#primaryimage\"},\"image\":{\"@id\":\"https:\/\/shop-eur.mitipi.com\/de\/product\/kevin-3-einbruchschutz-sorglospaket\/#primaryimage\"},\"thumbnailUrl\":\"https:\/\/shop-eur.mitipi.com\/wp-content\/uploads\/2025\/05\/OWN-APARTMENT-ALL-IN.png\",\"datePublished\":\"2024-11-13T08:22:56+00:00\",\"dateModified\":\"2025-05-11T00:10:20+00:00\",\"description\":\"Einbruchschutz mit dem Sorglospaket von Mitipi. Einmalige Investition - lange vom effektivsten Einbruchschutz profitieren, dank Simulation Ihrer Pr\u00e4senz.\",\"breadcrumb\":{\"@id\":\"https:\/\/shop-eur.mitipi.com\/de\/product\/kevin-3-einbruchschutz-sorglospaket\/#breadcrumb\"},\"inLanguage\":\"de\",\"potentialAction\":[{\"@type\":\"ReadAction\",\"target\":[\"https:\/\/shop-eur.mitipi.com\/de\/product\/kevin-3-einbruchschutz-sorglospaket\/\"]}]},{\"@type\":\"ImageObject\",\"inLanguage\":\"de\",\"@id\":\"https:\/\/shop-eur.mitipi.com\/de\/product\/kevin-3-einbruchschutz-sorglospaket\/#primaryimage\",\"url\":\"https:\/\/shop-eur.mitipi.com\/wp-content\/uploads\/2025\/05\/OWN-APARTMENT-ALL-IN.png\",\"contentUrl\":\"https:\/\/shop-eur.mitipi.com\/wp-content\/uploads\/2025\/05\/OWN-APARTMENT-ALL-IN.png\",\"width\":450,\"height\":445,\"caption\":\"HOME SECURITY SYSTEM\"},{\"@type\":\"BreadcrumbList\",\"@id\":\"https:\/\/shop-eur.mitipi.com\/de\/product\/kevin-3-einbruchschutz-sorglospaket\/#breadcrumb\",\"itemListElement\":[{\"@type\":\"ListItem\",\"position\":1,\"name\":\"Home\",\"item\":\"https:\/\/shop-eur.mitipi.com\/de\/\"},{\"@type\":\"ListItem\",\"position\":2,\"name\":\"Shop\",\"item\":\"https:\/\/shop-eur.mitipi.com\/shop-2\/\"},{\"@type\":\"ListItem\",\"position\":3,\"name\":\"KEVIN\u00ae.3 &#8211; Sorglos-Sicherheitspaket\"}]},{\"@type\":\"WebSite\",\"@id\":\"https:\/\/shop-eur.mitipi.com\/#website\",\"url\":\"https:\/\/shop-eur.mitipi.com\/\",\"name\":\"Mitipi\",\"description\":\"Mitipi keeps you safe\",\"publisher\":{\"@id\":\"https:\/\/shop-eur.mitipi.com\/#organization\"},\"potentialAction\":[{\"@type\":\"SearchAction\",\"target\":{\"@type\":\"EntryPoint\",\"urlTemplate\":\"https:\/\/shop-eur.mitipi.com\/?s={search_term_string}\"},\"query-input\":{\"@type\":\"PropertyValueSpecification\",\"valueRequired\":true,\"valueName\":\"search_term_string\"}}],\"inLanguage\":\"de\"},{\"@type\":\"Organization\",\"@id\":\"https:\/\/shop-eur.mitipi.com\/#organization\",\"name\":\"Mitipi\",\"url\":\"https:\/\/shop-eur.mitipi.com\/\",\"logo\":{\"@type\":\"ImageObject\",\"inLanguage\":\"de\",\"@id\":\"https:\/\/shop-eur.mitipi.com\/#\/schema\/logo\/image\/\",\"url\":\"https:\/\/shop-eur.mitipi.com\/wp-content\/uploads\/2020\/03\/logo-blue-cut.png\",\"contentUrl\":\"https:\/\/shop-eur.mitipi.com\/wp-content\/uploads\/2020\/03\/logo-blue-cut.png\",\"width\":440,\"height\":121,\"caption\":\"Mitipi\"},\"image\":{\"@id\":\"https:\/\/shop-eur.mitipi.com\/#\/schema\/logo\/image\/\"},\"sameAs\":[\"https:\/\/www.facebook.com\/mitipi.living\/\",\"https:\/\/www.linkedin.com\/company\/mitipi\",\"https:\/\/www.youtube.com\/channel\/UCtspkxdCXhCaggGl3LmJv6w\/featured\"]}]}<\/script>\n<!-- \/ Yoast SEO plugin. -->","yoast_head_json":{"title":"Sorglos-Sicherheitspaket - Der beste Einbruchschutz von Mitipi","description":"Einbruchschutz mit dem Sorglospaket von Mitipi. Einmalige Investition - lange vom effektivsten Einbruchschutz profitieren, dank Simulation Ihrer Pr\u00e4senz.","robots":{"index":"index","follow":"follow","max-snippet":"max-snippet:-1","max-image-preview":"max-image-preview:large","max-video-preview":"max-video-preview:-1"},"canonical":"https:\/\/shop-eur.mitipi.com\/de\/product\/kevin-3-einbruchschutz-sorglospaket\/","og_locale":"de_DE","og_type":"article","og_title":"Sorglos-Sicherheitspaket - Der beste Einbruchschutz von Mitipi","og_description":"Einbruchschutz mit dem Sorglospaket von Mitipi. Einmalige Investition - lange vom effektivsten Einbruchschutz profitieren, dank Simulation Ihrer Pr\u00e4senz.","og_url":"https:\/\/shop-eur.mitipi.com\/de\/product\/kevin-3-einbruchschutz-sorglospaket\/","og_site_name":"Mitipi","article_publisher":"https:\/\/www.facebook.com\/mitipi.living\/","article_modified_time":"2025-05-11T00:10:20+00:00","og_image":[{"width":1264,"height":722,"url":"https:\/\/shop-eur.mitipi.com\/wp-content\/uploads\/2023\/08\/Bild3.png","type":"image\/png"}],"twitter_card":"summary_large_image","twitter_misc":{"Gesch\u00e4tzte Lesezeit":"3\u00a0Minuten"},"schema":{"@context":"https:\/\/schema.org","@graph":[{"@type":"WebPage","@id":"https:\/\/shop-eur.mitipi.com\/de\/product\/kevin-3-einbruchschutz-sorglospaket\/","url":"https:\/\/shop-eur.mitipi.com\/de\/product\/kevin-3-einbruchschutz-sorglospaket\/","name":"Sorglos-Sicherheitspaket - Der beste Einbruchschutz von Mitipi","isPartOf":{"@id":"https:\/\/shop-eur.mitipi.com\/#website"},"primaryImageOfPage":{"@id":"https:\/\/shop-eur.mitipi.com\/de\/product\/kevin-3-einbruchschutz-sorglospaket\/#primaryimage"},"image":{"@id":"https:\/\/shop-eur.mitipi.com\/de\/product\/kevin-3-einbruchschutz-sorglospaket\/#primaryimage"},"thumbnailUrl":"https:\/\/shop-eur.mitipi.com\/wp-content\/uploads\/2025\/05\/OWN-APARTMENT-ALL-IN.png","datePublished":"2024-11-13T08:22:56+00:00","dateModified":"2025-05-11T00:10:20+00:00","description":"Einbruchschutz mit dem Sorglospaket von Mitipi. Einmalige Investition - lange vom effektivsten Einbruchschutz profitieren, dank Simulation Ihrer Pr\u00e4senz.","breadcrumb":{"@id":"https:\/\/shop-eur.mitipi.com\/de\/product\/kevin-3-einbruchschutz-sorglospaket\/#breadcrumb"},"inLanguage":"de","potentialAction":[{"@type":"ReadAction","target":["https:\/\/shop-eur.mitipi.com\/de\/product\/kevin-3-einbruchschutz-sorglospaket\/"]}]},{"@type":"ImageObject","inLanguage":"de","@id":"https:\/\/shop-eur.mitipi.com\/de\/product\/kevin-3-einbruchschutz-sorglospaket\/#primaryimage","url":"https:\/\/shop-eur.mitipi.com\/wp-content\/uploads\/2025\/05\/OWN-APARTMENT-ALL-IN.png","contentUrl":"https:\/\/shop-eur.mitipi.com\/wp-content\/uploads\/2025\/05\/OWN-APARTMENT-ALL-IN.png","width":450,"height":445,"caption":"HOME SECURITY SYSTEM"},{"@type":"BreadcrumbList","@id":"https:\/\/shop-eur.mitipi.com\/de\/product\/kevin-3-einbruchschutz-sorglospaket\/#breadcrumb","itemListElement":[{"@type":"ListItem","position":1,"name":"Home","item":"https:\/\/shop-eur.mitipi.com\/de\/"},{"@type":"ListItem","position":2,"name":"Shop","item":"https:\/\/shop-eur.mitipi.com\/shop-2\/"},{"@type":"ListItem","position":3,"name":"KEVIN\u00ae.3 &#8211; Sorglos-Sicherheitspaket"}]},{"@type":"WebSite","@id":"https:\/\/shop-eur.mitipi.com\/#website","url":"https:\/\/shop-eur.mitipi.com\/","name":"Mitipi","description":"Mitipi keeps you safe","publisher":{"@id":"https:\/\/shop-eur.mitipi.com\/#organization"},"potentialAction":[{"@type":"SearchAction","target":{"@type":"EntryPoint","urlTemplate":"https:\/\/shop-eur.mitipi.com\/?s={search_term_string}"},"query-input":{"@type":"PropertyValueSpecification","valueRequired":true,"valueName":"search_term_string"}}],"inLanguage":"de"},{"@type":"Organization","@id":"https:\/\/shop-eur.mitipi.com\/#organization","name":"Mitipi","url":"https:\/\/shop-eur.mitipi.com\/","logo":{"@type":"ImageObject","inLanguage":"de","@id":"https:\/\/shop-eur.mitipi.com\/#\/schema\/logo\/image\/","url":"https:\/\/shop-eur.mitipi.com\/wp-content\/uploads\/2020\/03\/logo-blue-cut.png","contentUrl":"https:\/\/shop-eur.mitipi.com\/wp-content\/uploads\/2020\/03\/logo-blue-cut.png","width":440,"height":121,"caption":"Mitipi"},"image":{"@id":"https:\/\/shop-eur.mitipi.com\/#\/schema\/logo\/image\/"},"sameAs":["https:\/\/www.facebook.com\/mitipi.living\/","https:\/\/www.linkedin.com\/company\/mitipi","https:\/\/www.youtube.com\/channel\/UCtspkxdCXhCaggGl3LmJv6w\/featured"]}]}},"_links":{"self":[{"href":"https:\/\/shop-eur.mitipi.com\/de\/wp-json\/wp\/v2\/product\/10901","targetHints":{"allow":["GET"]}}],"collection":[{"href":"https:\/\/shop-eur.mitipi.com\/de\/wp-json\/wp\/v2\/product"}],"about":[{"href":"https:\/\/shop-eur.mitipi.com\/de\/wp-json\/wp\/v2\/types\/product"}],"wp:featuredmedia":[{"embeddable":true,"href":"https:\/\/shop-eur.mitipi.com\/de\/wp-json\/wp\/v2\/media\/13455"}],"wp:attachment":[{"href":"https:\/\/shop-eur.mitipi.com\/de\/wp-json\/wp\/v2\/media?parent=10901"}],"wp:term":[{"taxonomy":"product_brand","embeddable":true,"href":"https:\/\/shop-eur.mitipi.com\/de\/wp-json\/wp\/v2\/product_brand?post=10901"},{"taxonomy":"product_cat","embeddable":true,"href":"https:\/\/shop-eur.mitipi.com\/de\/wp-json\/wp\/v2\/product_cat?post=10901"},{"taxonomy":"product_tag","embeddable":true,"href":"https:\/\/shop-eur.mitipi.com\/de\/wp-json\/wp\/v2\/product_tag?post=10901"}],"curies":[{"name":"wp","href":"https:\/\/api.w.org\/{rel}","templated":true}]}}